{"id":3451,"date":"2020-11-06T17:51:00","date_gmt":"2020-11-06T17:51:00","guid":{"rendered":"http:\/\/inktsadev.sunchemical.com.php56-10.lan3-1.websitetestlink.com\/?page_id=3451"},"modified":"2020-12-01T14:31:29","modified_gmt":"2020-12-01T14:31:29","slug":"contattaci","status":"publish","type":"page","link":"https:\/\/inktsa.sunchemical.com\/it\/contattaci\/","title":{"rendered":"Contattaci"},"content":{"rendered":"\n<p>Per eventuali domande tecniche o assistenza per la risoluzione dei problemi, si prega di compilare il modulo sottostante e verrete contattati il prima possibile<\/p>\n<form method=\"post\" enctype=\"multipart\/form-data\" id=\"vfbp-form-2\" class=\"vfbp-form\"><div style=\"display:none;\"><label for=\"vfbp-EMAIL-AN8fuQyoDLXem\">If you are human, leave this field blank.<\/label><input size=\"25\" autocomplete=\"off\" type=\"text\" name=\"vfbp-EMAIL-AN8fuQyoDLXem\" value=\"\" id=\"\"><\/div><input type=\"hidden\" name=\"_vfb-timestamp-2\" value=\"1775644740\" id=\"\"><input type=\"hidden\" name=\"_vfb-form-id\" value=\"2\" id=\"\"><div class=\"vfb-form-group vfb-col-12\"><div><div class=\"\"><\/div><\/div><\/div><div class=\"vfb-col-12 vfb-fieldType-heading\" id=\"vfbField22\"><\/div><div class=\"vfb-clearfix\"><\/div><div class=\"vfb-col-12 vfb-fieldType-hidden\" id=\"vfbField23\"><input id=\"vfb-field-23\" class=\"vfb-form-control\" placeholder=\"\" type=\"hidden\" name=\"vfb-field-23\" value=\"Inksta Contact Us\"><\/div><div class=\"vfb-clearfix\"><\/div><div class=\"vfb-col-12 vfb-fieldType-hidden\" id=\"vfbField24\"><input id=\"vfb-field-24\" class=\"vfb-form-control\" placeholder=\"\" type=\"hidden\" name=\"vfb-field-24\" value=\"Contact Us\"><\/div><div class=\"vfb-clearfix\"><\/div><div class=\"vfb-col-12 vfb-fieldType-hidden\" id=\"vfbField25\"><input id=\"vfb-field-25\" class=\"vfb-form-control\" placeholder=\"\" type=\"hidden\" name=\"vfb-field-25\" value=\"https:\/\/inktsa.sunchemical.com\/it\/wp-json\/wp\/v2\/pages\/3451\"><\/div><div class=\"vfb-clearfix\"><\/div><div class=\"vfb-col-12 vfb-fieldType-hidden\" id=\"vfbField26\"><input id=\"vfb-field-26\" class=\"vfb-form-control\" placeholder=\"\" type=\"hidden\" name=\"vfb-field-26\" value=\"\"><\/div><div class=\"vfb-clearfix\"><\/div><div class=\"vfb-col-12 vfb-fieldType-hidden\" id=\"vfbField27\"><input id=\"vfb-field-27\" class=\"vfb-form-control\" placeholder=\"\" type=\"hidden\" name=\"vfb-field-27\" value=\"Contact Us\"><\/div><div class=\"vfb-clearfix\"><\/div><div class=\"vfb-col-12 vfb-fieldType-text\" id=\"vfbField28\"><div class=\"vfb-form-group\"><label for=\"vfb-field-28\" class=\"vfb-control-label\">Nome di battesimo <span class=\"vfb-required-asterisk\">*<\/span><\/label><div><input id=\"vfb-field-28\" class=\"vfb-form-control\" placeholder=\"\" required=\"required\" type=\"text\" name=\"vfb-field-28\" value=\"\"><\/div><\/div><\/div><div class=\"vfb-clearfix\"><\/div><div class=\"vfb-col-12 vfb-fieldType-text\" id=\"vfbField29\"><div class=\"vfb-form-group\"><label for=\"vfb-field-29\" class=\"vfb-control-label\">Cognome <span class=\"vfb-required-asterisk\">*<\/span><\/label><div><input id=\"vfb-field-29\" class=\"vfb-form-control\" placeholder=\"\" required=\"required\" type=\"text\" name=\"vfb-field-29\" value=\"\"><\/div><\/div><\/div><div class=\"vfb-clearfix\"><\/div><div class=\"vfb-col-12 vfb-fieldType-email\" id=\"vfbField30\"><div class=\"vfb-form-group\"><label for=\"vfb-field-30\" class=\"vfb-control-label\">Email <span class=\"vfb-required-asterisk\">*<\/span><\/label><div><input id=\"vfb-field-30\" class=\"vfb-form-control\" placeholder=\"\" required=\"required\" type=\"email\" name=\"vfb-field-30\" value=\"\"><\/div><\/div><\/div><div class=\"vfb-clearfix\"><\/div><div class=\"vfb-col-12 vfb-fieldType-phone\" id=\"vfbField31\"><div class=\"vfb-form-group\"><label for=\"vfb-field-31\" class=\"vfb-control-label\">Telefono <span class=\"vfb-required-asterisk\">*<\/span><\/label><div><input id=\"vfb-field-31\" class=\"vfb-form-control vfb-intl-phone\" placeholder=\"\" required=\"required\" type=\"tel\" name=\"vfb-field-31\" value=\"\"><\/div><\/div><\/div><div class=\"vfb-clearfix\"><\/div><div class=\"vfb-col-12 vfb-fieldType-text\" id=\"vfbField32\"><div class=\"vfb-form-group\"><label for=\"vfb-field-32\" class=\"vfb-control-label\">Azienda <span class=\"vfb-required-asterisk\">*<\/span><\/label><div><input id=\"vfb-field-32\" class=\"vfb-form-control\" placeholder=\"\" required=\"required\" type=\"text\" name=\"vfb-field-32\" value=\"\"><\/div><\/div><\/div><div class=\"vfb-clearfix\"><\/div><div class=\"vfb-col-12 vfb-fieldType-select\" id=\"vfbField33\"><label for=\"vfb-field-33\" class=\"vfb-control-label\">Nazione<\/label><div><div class=\"vfb-form-group\"><select id=\"vfb-field-33\" class=\"vfb-form-control\" placeholder=\"\" name=\"vfb-field-33\"><option value=\"\" selected=\"selected\"><\/option><option value=\"United States\">United States<\/option><option value=\"United Kingdom\">United Kingdom<\/option><option value=\"Canada\">Canada<\/option><option value=\"Australia\">Australia<\/option><option value=\"Afghanistan\">Afghanistan<\/option><option value=\"&Aring;land Islands\">\u00c5land Islands<\/option><option value=\"Albania\">Albania<\/option><option value=\"Algeria\">Algeria<\/option><option value=\"Andorra\">Andorra<\/option><option value=\"Angola\">Angola<\/option><option value=\"Anguilla\">Anguilla<\/option><option value=\"Antarctica\">Antarctica<\/option><option value=\"Antigua and Barbuda\">Antigua and Barbuda<\/option><option value=\"Argentina\">Argentina<\/option><option value=\"Armenia\">Armenia<\/option><option value=\"Aruba\">Aruba<\/option><option value=\"American Samoa\">American Samoa<\/option><option value=\"Austria\">Austria<\/option><option value=\"Azerbaijan\">Azerbaijan<\/option><option value=\"Bahamas\">Bahamas<\/option><option value=\"Bahrain\">Bahrain<\/option><option value=\"Bangladesh\">Bangladesh<\/option><option value=\"Barbados\">Barbados<\/option><option value=\"Belarus\">Belarus<\/option><option value=\"Belgium\">Belgium<\/option><option value=\"Belau\">Belau<\/option><option value=\"Belize\">Belize<\/option><option value=\"Benin\">Benin<\/option><option value=\"Bermuda\">Bermuda<\/option><option value=\"Bhutan\">Bhutan<\/option><option value=\"Bolivia\">Bolivia<\/option><option value=\"Bonaire, Saint Eustatius and Saba\">Bonaire, Saint Eustatius and Saba<\/option><option value=\"Bosnia and Herzegovina\">Bosnia and Herzegovina<\/option><option value=\"Botswana\">Botswana<\/option><option value=\"Bouvet Island\">Bouvet Island<\/option><option value=\"Brazil\">Brazil<\/option><option value=\"British Indian Ocean Territory\">British Indian Ocean Territory<\/option><option value=\"British Virgin Islands\">British Virgin Islands<\/option><option value=\"Brunei\">Brunei<\/option><option value=\"Bulgaria\">Bulgaria<\/option><option value=\"Burkina Faso\">Burkina Faso<\/option><option value=\"Burundi\">Burundi<\/option><option value=\"Cambodia\">Cambodia<\/option><option value=\"Cameroon\">Cameroon<\/option><option value=\"Cape Verde\">Cape Verde<\/option><option value=\"Cayman Islands\">Cayman Islands<\/option><option value=\"Central African Republic\">Central African Republic<\/option><option value=\"Chad\">Chad<\/option><option value=\"Chile\">Chile<\/option><option value=\"China\">China<\/option><option value=\"Christmas Island\">Christmas Island<\/option><option value=\"Cocos (Keeling) Islands\">Cocos (Keeling) Islands<\/option><option value=\"Colombia\">Colombia<\/option><option value=\"Comoros\">Comoros<\/option><option value=\"Congo (Brazzaville)\">Congo (Brazzaville)<\/option><option value=\"Congo (Kinshasa)\">Congo (Kinshasa)<\/option><option value=\"Cook Islands\">Cook Islands<\/option><option value=\"Costa Rica\">Costa Rica<\/option><option value=\"Croatia\">Croatia<\/option><option value=\"Cuba\">Cuba<\/option><option value=\"Cura&Ccedil;ao\">Cura\u00c7ao<\/option><option value=\"Cyprus\">Cyprus<\/option><option value=\"Czech Republic\">Czech Republic<\/option><option value=\"Denmark\">Denmark<\/option><option value=\"Djibouti\">Djibouti<\/option><option value=\"Dominica\">Dominica<\/option><option value=\"Dominican Republic\">Dominican Republic<\/option><option value=\"Ecuador\">Ecuador<\/option><option value=\"Egypt\">Egypt<\/option><option value=\"El Salvador\">El Salvador<\/option><option value=\"Equatorial Guinea\">Equatorial Guinea<\/option><option value=\"Eritrea\">Eritrea<\/option><option value=\"Estonia\">Estonia<\/option><option value=\"Ethiopia\">Ethiopia<\/option><option value=\"Falkland Islands\">Falkland Islands<\/option><option value=\"Faroe Islands\">Faroe Islands<\/option><option value=\"Fiji\">Fiji<\/option><option value=\"Finland\">Finland<\/option><option value=\"France\">France<\/option><option value=\"French Guiana\">French Guiana<\/option><option value=\"French Polynesia\">French Polynesia<\/option><option value=\"French Southern Territories\">French Southern Territories<\/option><option value=\"Gabon\">Gabon<\/option><option value=\"Gambia\">Gambia<\/option><option value=\"Georgia\">Georgia<\/option><option value=\"Germany\">Germany<\/option><option value=\"Ghana\">Ghana<\/option><option value=\"Gibraltar\">Gibraltar<\/option><option value=\"Greece\">Greece<\/option><option value=\"Greenland\">Greenland<\/option><option value=\"Grenada\">Grenada<\/option><option value=\"Guadeloupe\">Guadeloupe<\/option><option value=\"Guatemala\">Guatemala<\/option><option value=\"Guernsey\">Guernsey<\/option><option value=\"Guinea\">Guinea<\/option><option value=\"Guinea-Bissau\">Guinea-Bissau<\/option><option value=\"Guyana\">Guyana<\/option><option value=\"Haiti\">Haiti<\/option><option value=\"Heard Island and McDonald Islands\">Heard Island and McDonald Islands<\/option><option value=\"Honduras\">Honduras<\/option><option value=\"Hong Kong\">Hong Kong<\/option><option value=\"Hungary\">Hungary<\/option><option value=\"Iceland\">Iceland<\/option><option value=\"India\">India<\/option><option value=\"Indonesia\">Indonesia<\/option><option value=\"Iran\">Iran<\/option><option value=\"Iraq\">Iraq<\/option><option value=\"Republic of Ireland\">Republic of Ireland<\/option><option value=\"Isle of Man\">Isle of Man<\/option><option value=\"Israel\">Israel<\/option><option value=\"Italy\">Italy<\/option><option value=\"Ivory Coast\">Ivory Coast<\/option><option value=\"Jamaica\">Jamaica<\/option><option value=\"Japan\">Japan<\/option><option value=\"Jersey\">Jersey<\/option><option value=\"Jordan\">Jordan<\/option><option value=\"Kazakhstan\">Kazakhstan<\/option><option value=\"Kenya\">Kenya<\/option><option value=\"Kiribati\">Kiribati<\/option><option value=\"Kuwait\">Kuwait<\/option><option value=\"Kyrgyzstan\">Kyrgyzstan<\/option><option value=\"Laos\">Laos<\/option><option value=\"Latvia\">Latvia<\/option><option value=\"Lebanon\">Lebanon<\/option><option value=\"Lesotho\">Lesotho<\/option><option value=\"Liberia\">Liberia<\/option><option value=\"Libya\">Libya<\/option><option value=\"Liechtenstein\">Liechtenstein<\/option><option value=\"Lithuania\">Lithuania<\/option><option value=\"Luxembourg\">Luxembourg<\/option><option value=\"Macao S.A.R., China\">Macao S.A.R., China<\/option><option value=\"Macedonia\">Macedonia<\/option><option value=\"Madagascar\">Madagascar<\/option><option value=\"Malawi\">Malawi<\/option><option value=\"Malaysia\">Malaysia<\/option><option value=\"Maldives\">Maldives<\/option><option value=\"Mali\">Mali<\/option><option value=\"Malta\">Malta<\/option><option value=\"Marshall Islands\">Marshall Islands<\/option><option value=\"Martinique\">Martinique<\/option><option value=\"Mauritania\">Mauritania<\/option><option value=\"Mauritius\">Mauritius<\/option><option value=\"Mayotte\">Mayotte<\/option><option value=\"Mexico\">Mexico<\/option><option value=\"Micronesia\">Micronesia<\/option><option value=\"Moldova\">Moldova<\/option><option value=\"Monaco\">Monaco<\/option><option value=\"Mongolia\">Mongolia<\/option><option value=\"Montenegro\">Montenegro<\/option><option value=\"Montserrat\">Montserrat<\/option><option value=\"Morocco\">Morocco<\/option><option value=\"Mozambique\">Mozambique<\/option><option value=\"Myanmar\">Myanmar<\/option><option value=\"Namibia\">Namibia<\/option><option value=\"Nauru\">Nauru<\/option><option value=\"Nepal\">Nepal<\/option><option value=\"Netherlands\">Netherlands<\/option><option value=\"Netherlands Antilles\">Netherlands Antilles<\/option><option value=\"New Caledonia\">New Caledonia<\/option><option value=\"New Zealand\">New Zealand<\/option><option value=\"Nicaragua\">Nicaragua<\/option><option value=\"Niger\">Niger<\/option><option value=\"Nigeria\">Nigeria<\/option><option value=\"Niue\">Niue<\/option><option value=\"Norfolk Island\">Norfolk Island<\/option><option value=\"North Korea\">North Korea<\/option><option value=\"Norway\">Norway<\/option><option value=\"Oman\">Oman<\/option><option value=\"Pakistan\">Pakistan<\/option><option value=\"Palestinian Territory\">Palestinian Territory<\/option><option value=\"Panama\">Panama<\/option><option value=\"Papua New Guinea\">Papua New Guinea<\/option><option value=\"Paraguay\">Paraguay<\/option><option value=\"Peru\">Peru<\/option><option value=\"Philippines\">Philippines<\/option><option value=\"Pitcairn\">Pitcairn<\/option><option value=\"Poland\">Poland<\/option><option value=\"Portugal\">Portugal<\/option><option value=\"Qatar\">Qatar<\/option><option value=\"Reunion\">Reunion<\/option><option value=\"Romania\">Romania<\/option><option value=\"Russia\">Russia<\/option><option value=\"Rwanda\">Rwanda<\/option><option value=\"Saint Barth&eacute;lemy\">Saint Barth\u00e9lemy<\/option><option value=\"Saint Helena\">Saint Helena<\/option><option value=\"Saint Kitts and Nevis\">Saint Kitts and Nevis<\/option><option value=\"Saint Lucia\">Saint Lucia<\/option><option value=\"Saint Martin (French part)\">Saint Martin (French part)<\/option><option value=\"Saint Martin (Dutch part)\">Saint Martin (Dutch part)<\/option><option value=\"Saint Pierre and Miquelon\">Saint Pierre and Miquelon<\/option><option value=\"Saint Vincent and the Grenadines\">Saint Vincent and the Grenadines<\/option><option value=\"San Marino\">San Marino<\/option><option value=\"S&atilde;o Tom&eacute; and Pr&iacute;ncipe\">S\u00e3o Tom\u00e9 and Pr\u00edncipe<\/option><option value=\"Saudi Arabia\">Saudi Arabia<\/option><option value=\"Senegal\">Senegal<\/option><option value=\"Serbia\">Serbia<\/option><option value=\"Seychelles\">Seychelles<\/option><option value=\"Sierra Leone\">Sierra Leone<\/option><option value=\"Singapore\">Singapore<\/option><option value=\"Slovakia\">Slovakia<\/option><option value=\"Slovenia\">Slovenia<\/option><option value=\"Solomon Islands\">Solomon Islands<\/option><option value=\"Somalia\">Somalia<\/option><option value=\"South Africa\">South Africa<\/option><option value=\"South Georgia\/Sandwich Islands\">South Georgia\/Sandwich Islands<\/option><option value=\"South Korea\">South Korea<\/option><option value=\"South Sudan\">South Sudan<\/option><option value=\"Spain\">Spain<\/option><option value=\"Sri Lanka\">Sri Lanka<\/option><option value=\"Sudan\">Sudan<\/option><option value=\"Suriname\">Suriname<\/option><option value=\"Svalbard and Jan Mayen\">Svalbard and Jan Mayen<\/option><option value=\"Swaziland\">Swaziland<\/option><option value=\"Sweden\">Sweden<\/option><option value=\"Switzerland\">Switzerland<\/option><option value=\"Syria\">Syria<\/option><option value=\"Taiwan\">Taiwan<\/option><option value=\"Tajikistan\">Tajikistan<\/option><option value=\"Tanzania\">Tanzania<\/option><option value=\"Thailand\">Thailand<\/option><option value=\"Timor-Leste\">Timor-Leste<\/option><option value=\"Togo\">Togo<\/option><option value=\"Tokelau\">Tokelau<\/option><option value=\"Tonga\">Tonga<\/option><option value=\"Trinidad and Tobago\">Trinidad and Tobago<\/option><option value=\"Tunisia\">Tunisia<\/option><option value=\"Turkey\">Turkey<\/option><option value=\"Turkmenistan\">Turkmenistan<\/option><option value=\"Turks and Caicos Islands\">Turks and Caicos Islands<\/option><option value=\"Tuvalu\">Tuvalu<\/option><option value=\"Uganda\">Uganda<\/option><option value=\"Ukraine\">Ukraine<\/option><option value=\"United Arab Emirates\">United Arab Emirates<\/option><option value=\"Uruguay\">Uruguay<\/option><option value=\"Uzbekistan\">Uzbekistan<\/option><option value=\"Vanuatu\">Vanuatu<\/option><option value=\"Vatican\">Vatican<\/option><option value=\"Venezuela\">Venezuela<\/option><option value=\"Vietnam\">Vietnam<\/option><option value=\"Wallis and Futuna\">Wallis and Futuna<\/option><option value=\"Western Sahara\">Western Sahara<\/option><option value=\"Western Samoa\">Western Samoa<\/option><option value=\"Yemen\">Yemen<\/option><option value=\"Zambia\">Zambia<\/option><option value=\"Zimbabwe\">Zimbabwe<\/option><\/select><\/div><\/div><\/div><div class=\"vfb-clearfix\"><\/div><div class=\"vfb-col-12 vfb-fieldType-text\" id=\"vfbField34\"><div class=\"vfb-form-group\"><label for=\"vfb-field-34\" class=\"vfb-control-label\">Indirizzo<\/label><div><input id=\"vfb-field-34\" class=\"vfb-form-control\" placeholder=\"\" type=\"text\" name=\"vfb-field-34\" value=\"\"><\/div><\/div><\/div><div class=\"vfb-clearfix\"><\/div><div class=\"vfb-col-12 vfb-fieldType-text\" id=\"vfbField35\"><div class=\"vfb-form-group\"><label for=\"vfb-field-35\" class=\"vfb-control-label\">Citt\u00e0<\/label><div><input id=\"vfb-field-35\" class=\"vfb-form-control\" placeholder=\"\" type=\"text\" name=\"vfb-field-35\" value=\"\"><\/div><\/div><\/div><div class=\"vfb-clearfix\"><\/div><div class=\"vfb-col-12 vfb-fieldType-text\" id=\"vfbField36\"><div class=\"vfb-form-group\"><label for=\"vfb-field-36\" class=\"vfb-control-label\">Provincia<\/label><div><input id=\"vfb-field-36\" class=\"vfb-form-control\" placeholder=\"\" type=\"text\" name=\"vfb-field-36\" value=\"\"><\/div><\/div><\/div><div class=\"vfb-clearfix\"><\/div><div class=\"vfb-col-12 vfb-fieldType-text\" id=\"vfbField37\"><div class=\"vfb-form-group\"><label for=\"vfb-field-37\" class=\"vfb-control-label\">codice postale<\/label><div><input id=\"vfb-field-37\" class=\"vfb-form-control\" placeholder=\"\" type=\"text\" name=\"vfb-field-37\" value=\"\"><\/div><\/div><\/div><div class=\"vfb-clearfix\"><\/div><div class=\"vfb-col-12 vfb-fieldType-textarea\" id=\"vfbField38\"><div class=\"vfb-form-group\"><label for=\"vfb-field-38\" class=\"vfb-control-label\">Commenti<\/label><div><textarea id=\"vfb-field-38\" class=\"vfb-form-control\" placeholder=\"\" rows=\"10\" name=\"vfb-field-38\" cols=\"50\"><\/textarea><\/div><\/div><\/div><div class=\"vfb-clearfix\"><\/div><div class=\"vfb-col-12 vfb-fieldType-checkbox\" id=\"vfbField39\"><label for=\"vfb-field-39\" class=\"vfb-control-label\"><\/label><div><div class=\"vfb-checkbox\"><label><input id=\"vfb-field-39-0\" class=\"\" placeholder=\"\" data-vfb-multiple=\"vfb-field-39\" type=\"checkbox\" name=\"vfb-field-39[0]\" value=\"1\">Si prega di iscriversi per comunicazioni e-mail<\/label><\/div><\/div><\/div><div class=\"vfb-clearfix\"><\/div><div class=\"vfb-col-12 vfb-fieldType-hidden\" id=\"vfbField84\"><input id=\"vfb-field-84\" class=\"vfb-form-control\" placeholder=\"\" type=\"hidden\" name=\"vfb-field-84\" value=\"Aprile 8, 2026\"><\/div><div class=\"vfb-clearfix\"><\/div><div class=\"vfb-col-12 vfb-fieldType-submit\" id=\"vfbField40\"><button id=\"vfb-field-40\" class=\" btn btn-primary\" placeholder=\"\" type=\"submit\" name=\"_vfb-submit\">Invia<\/button><\/div><div class=\"vfb-clearfix\"><\/div><\/form>\n\n","protected":false},"excerpt":{"rendered":"<p>Per eventuali domande tecniche o assistenza per la risoluzione dei problemi, si prega di compilare il modulo sottostante e verrete contattati il prima possibile<\/p>\n","protected":false},"author":11,"featured_media":0,"parent":0,"menu_order":0,"comment_status":"closed","ping_status":"closed","template":"page-templates\/contact.php","meta":{"_acf_changed":false,"footnotes":""},"class_list":["post-3451","page","type-page","status-publish","hentry"],"acf":[],"_links":{"self":[{"href":"https:\/\/inktsa.sunchemical.com\/it\/wp-json\/wp\/v2\/pages\/3451","targetHints":{"allow":["GET"]}}],"collection":[{"href":"https:\/\/inktsa.sunchemical.com\/it\/wp-json\/wp\/v2\/pages"}],"about":[{"href":"https:\/\/inktsa.sunchemical.com\/it\/wp-json\/wp\/v2\/types\/page"}],"author":[{"embeddable":true,"href":"https:\/\/inktsa.sunchemical.com\/it\/wp-json\/wp\/v2\/users\/11"}],"replies":[{"embeddable":true,"href":"https:\/\/inktsa.sunchemical.com\/it\/wp-json\/wp\/v2\/comments?post=3451"}],"version-history":[{"count":0,"href":"https:\/\/inktsa.sunchemical.com\/it\/wp-json\/wp\/v2\/pages\/3451\/revisions"}],"wp:attachment":[{"href":"https:\/\/inktsa.sunchemical.com\/it\/wp-json\/wp\/v2\/media?parent=3451"}],"curies":[{"name":"wp","href":"https:\/\/api.w.org\/{rel}","templated":true}]}}