{"id":996,"date":"2017-05-30T16:36:12","date_gmt":"2017-05-30T16:36:12","guid":{"rendered":"\/?page_id=996\/"},"modified":"2021-08-31T16:33:09","modified_gmt":"2021-08-31T16:33:09","slug":"enerji-isikla-kurumali-tr","status":"publish","type":"page","link":"https:\/\/inktsa.sunchemical.com\/tr\/enerji-isikla-kurumali-tr\/","title":{"rendered":"Enerji (I\u015f\u0131kla) Kurumal\u0131"},"content":{"rendered":"\n<div class=\"jhH5U\">\n<div id=\"tw-ob\" class=\"tw-src-ltr\">\n<div class=\"oSioSc\">\n<div id=\"tw-target\">\n<div id=\"kAz1tf\" class=\"g9WsWb\">\n<div id=\"tw-target-text-container\" class=\"tw-ta-container hide-focus-ring tw-nfl\" tabindex=\"0\">\n<h2 id=\"tw-target-text\" class=\"tw-data-text tw-text-large XcVN5d tw-ta\" dir=\"ltr\" data-placeholder=\"Translation\"><span lang=\"tr\">Yayg&#305;n Enerji &#304;yile&#351;tirilebilir Bask&#305; Sorunlar&#305;nda Sorun Giderme<\/span><\/h2>\n<\/div>\n<\/div>\n<\/div>\n<\/div>\n<\/div>\n<\/div>\n\n","protected":false},"excerpt":{"rendered":"<p>Yayg&#305;n Enerji &#304;yile&#351;tirilebilir Bask&#305; Sorunlar&#305;nda Sorun Giderme<\/p>\n","protected":false},"author":4,"featured_media":0,"parent":0,"menu_order":0,"comment_status":"closed","ping_status":"closed","template":"page-templates\/grid.php","meta":{"_acf_changed":false,"footnotes":""},"class_list":["post-996","page","type-page","status-publish","hentry"],"acf":[],"_links":{"self":[{"href":"https:\/\/inktsa.sunchemical.com\/tr\/wp-json\/wp\/v2\/pages\/996","targetHints":{"allow":["GET"]}}],"collection":[{"href":"https:\/\/inktsa.sunchemical.com\/tr\/wp-json\/wp\/v2\/pages"}],"about":[{"href":"https:\/\/inktsa.sunchemical.com\/tr\/wp-json\/wp\/v2\/types\/page"}],"author":[{"embeddable":true,"href":"https:\/\/inktsa.sunchemical.com\/tr\/wp-json\/wp\/v2\/users\/4"}],"replies":[{"embeddable":true,"href":"https:\/\/inktsa.sunchemical.com\/tr\/wp-json\/wp\/v2\/comments?post=996"}],"version-history":[{"count":0,"href":"https:\/\/inktsa.sunchemical.com\/tr\/wp-json\/wp\/v2\/pages\/996\/revisions"}],"wp:attachment":[{"href":"https:\/\/inktsa.sunchemical.com\/tr\/wp-json\/wp\/v2\/media?parent=996"}],"curies":[{"name":"wp","href":"https:\/\/api.w.org\/{rel}","templated":true}]}}